{"id":200,"date":"2022-10-06T11:44:10","date_gmt":"2022-10-06T11:44:10","guid":{"rendered":"https:\/\/pelastus.net\/?page_id=200"},"modified":"2022-10-07T12:02:05","modified_gmt":"2022-10-07T12:02:05","slug":"10-kaskya","status":"publish","type":"page","link":"https:\/\/pelastus.net\/index.php\/10-kaskya\/","title":{"rendered":"10 k\u00e4sky\u00e4"},"content":{"rendered":"<div id=\"pl-200\"  class=\"panel-layout\" ><div id=\"pg-200-0\"  class=\"panel-grid panel-has-style\" ><div class=\"so-rounded panel-row-style panel-row-style-for-200-0\" ><div id=\"pgc-200-0-0\"  class=\"panel-grid-cell\" ><div id=\"panel-200-0-0-0\" class=\"so-panel widget widget_sow-editor panel-first-child panel-last-child\" data-index=\"0\" ><div class=\"panel-widget-style panel-widget-style-for-200-0-0-0\" ><div\n\t\t\t\n\t\t\tclass=\"so-widget-sow-editor so-widget-sow-editor-base\"\n\t\t\t\n\t\t><h3 class=\"widget-title\">10 k\u00e4sky\u00e4<\/h3>\n<div class=\"siteorigin-widget-tinymce textwidget\">\n\t<p style=\"text-align: center;\"><span style=\"background-color: #ffffff; font-size: 20pt; color: #000000;\">Ajatuksia ja teemoja 10 k\u00e4skyst\u00e4<\/span><\/p>\n<p>&nbsp;<\/p>\n<p><span style=\"font-size: 20pt; color: #0000ff; background-color: #ffffff;\">1. <i>Min\u00e4 olen Herra sinun Jumalasi. \u00c4l\u00e4 pid\u00e4 muita Jumalia.<\/i><\/span><\/p>\n<p><span style=\"font-size: 20pt; color: #000000; background-color: #ffffff;\">Mik\u00e4 on kaikkein kiinnostavinta ja tavoiteltavinta maailmassa? Suurin kiinnostuksen kohde m\u00e4\u00e4ritt\u00e4\u00e4 kaikkia el\u00e4m\u00e4n osa-alueita. Niihin ei p\u00e4\u00e4stet\u00e4 sellaista, mik\u00e4 h\u00e4iritsee t\u00e4rkeint\u00e4 asiaa.<br \/>\n<\/span><\/p>\n<p><span style=\"font-size: 20pt; color: #0000ff; background-color: #ffffff;\">2. <i>\u00c4l\u00e4 tee itsellesi Jumalan kuvaa.<\/i><\/span><\/p>\n<p><span style=\"font-size: 20pt; color: #000000; background-color: #ffffff;\">Miksi Jumalan tekojen pohjalta t\u00e4ytyy muodostaa \"kaltaisuutta\" (kuvaa) Jumalasta, niin ett\u00e4 kehitet\u00e4\u00e4n uusia H\u00e4nt\u00e4 koskevia ajatuksia? Jumala ei tarvitse uusia opetuksia sen rinnalle, mit\u00e4 H\u00e4n itse on jo antanut.<br \/>\n<\/span><\/p>\n<p><span style=\"font-size: 20pt; color: #0000ff; background-color: #ffffff;\">3. <i>\u00c4l\u00e4 k\u00e4yt\u00e4 v\u00e4\u00e4rin Herran sinun Jumalasi nime\u00e4.<\/i><\/span><\/p>\n<p><span style=\"font-size: 20pt; color: #000000; background-color: #ffffff;\">Mit\u00e4 asioita pidet\u00e4\u00e4n kunniassa niin, ett\u00e4 niit\u00e4 ei k\u00e4ytet\u00e4 ep\u00e4kunnioittavalla tavalla miss\u00e4\u00e4n tilanteessa? Se m\u00e4\u00e4rittelee, mik\u00e4 on ihmisen suurin rakkaus.<br \/>\n<\/span><\/p>\n<p><span style=\"font-size: 20pt; color: #0000ff; background-color: #ffffff;\">4. <i>Muista pyhitt\u00e4\u00e4 lepop\u00e4iv\u00e4.<\/i><\/span><\/p>\n<p><span style=\"font-size: 20pt; color: #000000; background-color: #ffffff;\">Ovatko kaikki p\u00e4iv\u00e4t samanlaisia? Mink\u00e4 perusteella p\u00e4iv\u00e4st\u00e4 tehd\u00e4\u00e4n sellainen kun se on?<\/span><\/p>\n<p><span style=\"font-size: 20pt; color: #000000; background-color: #ffffff;\">Pyh\u00e4p\u00e4iv\u00e4n asettaminen erilleen muista p\u00e4ivist\u00e4 Jumalan vuoksi ja kunniaksi.<br \/>\n<\/span><\/p>\n<p><span style=\"font-size: 20pt; color: #0000ff; background-color: #ffffff;\">5. <i>Kunnioita is\u00e4\u00e4si ja \u00e4iti\u00e4si.<\/i><\/span><\/p>\n<p><span style=\"font-size: 20pt; color: #000000; background-color: #ffffff;\">Onko syntyper\u00e4 arvossa pidett\u00e4v\u00e4 asia? Jos ihminen ei arvosta alkuper\u00e4\u00e4ns\u00e4, ja kunnioita heit\u00e4, jotka turvasivat kasvun, arvostaako ihminen itse\u00e4\u00e4n?<\/span><\/p>\n<p><span style=\"font-size: 20pt; color: #0000ff; background-color: #ffffff;\">6. <i>\u00c4l\u00e4 tapa.<\/i><\/span><\/p>\n<p><span style=\"font-size: 20pt; color: #000000; background-color: #ffffff;\">T\u00e4m\u00e4n k\u00e4skyn kiert\u00e4miseksi t\u00e4ytyy keksi\u00e4 uusia ajatuksia, joita niiden keksij\u00e4t eiv\u00e4t osaa m\u00e4\u00e4ritell\u00e4. Heid\u00e4n mielest\u00e4\u00e4n el\u00e4m\u00e4 ei synny hedelm\u00f6ittymisess\u00e4, mutta muutakaan ajankohtaa he eiv\u00e4t ilmoita. Ehk\u00e4 el\u00e4m\u00e4 ei heid\u00e4n mielest\u00e4\u00e4n synny.<\/span><\/p>\n<p><span style=\"font-size: 20pt; color: #0000ff; background-color: #ffffff;\">7. <i>\u00c4l\u00e4 tee aviorikosta.<\/i><\/span><\/p>\n<p><span style=\"font-size: 20pt; color: #000000; background-color: #ffffff;\">Mihin ihminen on el\u00e4m\u00e4ss\u00e4\u00e4n valmis sitoutumaan, jos ei kumppaniinsa? Mit\u00e4 ihminen on valmis pitk\u00e4j\u00e4nteisesti edist\u00e4m\u00e4\u00e4n? Kaikki pitk\u00e4j\u00e4nteisyys vaatii sitoutumista. Ilman pitk\u00e4j\u00e4nteisyytt\u00e4 ei voida saavuttaa merkitt\u00e4vi\u00e4 tuloksia. Lasten kasvatus vaatii sit\u00e4. Luotettavaa ja hyv\u00e4\u00e4 ilmapiiri\u00e4 ja pysyvyytt\u00e4. <\/span><\/p>\n<p><span style=\"font-size: 20pt; color: #000000; background-color: #ffffff;\">Mit\u00e4 lapsille halutaan opettaa, ajelehtivuutta ja ep\u00e4varmuutta vai pitk\u00e4j\u00e4nteisyytt\u00e4?<\/span><\/p>\n<p><span style=\"font-size: 20pt; color: #000000; background-color: #ffffff;\">Sopimusten merkitys. Valinnoillaan vanhemmat osoittavat lapsille ovatko sopimukset merkitt\u00e4v\u00e4 asia el\u00e4m\u00e4ss\u00e4 vai ei. Onko niihen sitouduttava vai ei.<\/span><\/p>\n<p><span style=\"font-size: 20pt; color: #0000ff; background-color: #ffffff;\">8. <i>\u00c4l\u00e4 varasta.<\/i><\/span><\/p>\n<p><span style=\"font-size: 20pt; color: #000000; background-color: #ffffff;\">Jos oman el\u00e4m\u00e4n kannattelemiseksi tarvitaan toisilta ottamista ilman lupaa, onko el\u00e4m\u00e4 silloin itsen\u00e4ist\u00e4? Voiko kuva itsest\u00e4 olla hyv\u00e4 ja tasapainoinen, jos sallitaan toisten oman ottaminen?<\/span><\/p>\n<p><span style=\"font-size: 20pt; color: #000000; background-color: #ffffff;\">Onko ihminen tasapainossa itsens\u00e4 kanssa niin, ett\u00e4 sallii my\u00f6s toisten toimia samoin itsens\u00e4 kohdalla?<\/span><\/p>\n<p><span style=\"font-size: 20pt; color: #0000ff; background-color: #ffffff;\"><i>9. \u00c4l\u00e4 sano v\u00e4\u00e4r\u00e4\u00e4 todistusta l\u00e4himm\u00e4isest\u00e4si.<\/i><\/span><\/p>\n<p><span style=\"font-size: 20pt; color: #000000; background-color: #ffffff;\">Jos ihminen uskoo, ettei valheista voi p\u00e4\u00e4st\u00e4 kokonaan eroon, yritt\u00e4\u00e4k\u00f6 ihminen sit\u00e4? Jos sit\u00e4 ei yritet\u00e4, tuloksena on valehtelun salliminen. Silloin sallitaan my\u00f6s valehtelun haitat: vaikutus itsetuntoon, syyllisyyden tunne, ihmissuhdeseuraukset ja ep\u00e4luottamuksen kasvu. Jos ihminen sallii valehtelun itselle, sallitaanko se my\u00f6s toiselle? Sallitaanko valheet itse\u00e4 kohtaan?<\/span><\/p>\n<p><span style=\"font-size: 20pt; color: #0000ff; background-color: #ffffff;\">10. <i>\u00c4l\u00e4 himoitse l\u00e4himm\u00e4isesi huonetta. \u00c4l\u00e4 himoitse l\u00e4himm\u00e4isesi vaimoa \u00e4l\u00e4k\u00e4 h\u00e4nen palvelijaansa, palvelijatartaan, h\u00e4rk\u00e4\u00e4ns\u00e4, aasiansa \u00e4l\u00e4k\u00e4 mit\u00e4\u00e4n, mik\u00e4 on l\u00e4himm\u00e4isesi omaa.<\/i><\/span><\/p>\n<p><span style=\"font-size: 20pt; color: #000000; background-color: #ffffff;\">Onko el\u00e4m\u00e4 ep\u00e4onni<\/span><span style=\"font-size: 20pt; color: #000000; background-color: #ffffff;\">stunut, ellei ihminen saa jotain enemm\u00e4n? Riippuuko el\u00e4m\u00e4n onnistuneisuus omis<\/span><span style=\"font-size: 20pt; color: #000000; background-color: #ffffff;\">tuksista? <\/span><\/p>\n<p><span style=\"font-size: 20pt; color: #000000; background-color: #ffffff;\">Pelastuminen<br \/>\n<\/span><\/p>\n<p><span style=\"font-size: 20pt; color: #000000; background-color: #ffffff;\">10 k\u00e4sky\u00e4 pit\u00e4\u00e4 sis\u00e4ll\u00e4\u00e4n el\u00e4m\u00e4n olennaisimmat valinnat. Niiden noudattaminen suuntaa el\u00e4m\u00e4n kohti hyv\u00e4\u00e4 ja onnistumista. Noudattamatta j\u00e4tt\u00e4minen voi tarkoittaa vain sitoutumattomuutta hyv\u00e4\u00e4n. Sen tuloksista on helppo havaita, ett\u00e4 kyseess\u00e4 on paha. K\u00e4skyjen mukaan ihminen valitsee siis joko hyv\u00e4n tai pahan.<br \/>\n<\/span><\/p>\n<p><span style=\"font-size: 20pt; color: #000000; background-color: #ffffff;\">Joh. 5:28 <em>\u00c4lk\u00e4\u00e4 ihmetelk\u00f6 t\u00e4t\u00e4, sill\u00e4 hetki tulee, jolloin kaikki, jotka haudoissa ovat, kuulevat h\u00e4nen \u00e4\u00e4nens\u00e4 <\/em><\/span><\/p>\n<p><span style=\"font-size: 20pt; color: #000000; background-color: #ffffff;\"><em>29 ja tulevat esiin, ne, jotka ovat hyv\u00e4\u00e4 tehneet, el\u00e4m\u00e4n yl\u00f6snousemukseen, mutta ne, jotka ovat pahaa tehneet, tuomion yl\u00f6snousemukseen.<\/em><\/span><\/p>\n<p><span style=\"font-size: 20pt; color: #000000; background-color: #ffffff;\">El\u00e4m\u00e4n onnistuneisuus riippuu siit\u00e4, korjaako ihminen kulkunsa 10 k\u00e4skyn mukaiseksi. Jumala antaa n\u00e4in ihmisen itse p\u00e4\u00e4tt\u00e4\u00e4 onko el\u00e4m\u00e4n jatkumiselle olemassa edellykset ruumiin kuoleman j\u00e4lkeen. <\/span><\/p>\n<p><span style=\"font-size: 20pt; color: #000000; background-color: #ffffff;\">Room. 2:11-13<\/span><\/p>\n<p><em><span style=\"color: #000000; font-size: 20pt;\"><span style=\"background-color: #ffffff;\">11 Sill\u00e4 Jumala ei katso henkil\u00f6\u00f6n. 12 Sill\u00e4 kaikki, jotka ilman lakia ovat synti\u00e4 tehneet, ne my\u00f6s ilman lakia hukkuvat, ja kaikki, jotka lain alaisina ovat synti\u00e4 tehneet, ne lain mukaan tuomitaan; <\/span><span style=\"background-color: #ffffff;\">13 sill\u00e4 eiv\u00e4t lain kuulijat ole vanhurskaita Jumalan edess\u00e4, vaan lain noudattajat vanhurskautetaan.<\/span> <\/span><\/em><\/p>\n<p>&nbsp;<\/p>\n<p>&nbsp;<\/p>\n<p>&nbsp;<\/p>\n<p>&nbsp;<\/p>\n<p>&nbsp;<\/p>\n<p>&nbsp;<\/p>\n<\/div>\n<\/div><\/div><\/div><\/div><\/div><\/div><\/div>","protected":false},"excerpt":{"rendered":"<p>Ajatuksia ja teemoja 10 k\u00e4skyst\u00e4 &nbsp; 1. Min\u00e4 olen Herra sinun Jumalasi. \u00c4l\u00e4 pid\u00e4 muita Jumalia. Mik\u00e4 on kaikkein kiinnostavinta ja tavoiteltavinta maailmassa? Suurin kiinnostuksen kohde m\u00e4\u00e4ritt\u00e4\u00e4 kaikkia el\u00e4m\u00e4n osa-alueita. Niihin ei p\u00e4\u00e4stet\u00e4 sellaista, mik\u00e4 h\u00e4iritsee t\u00e4rkeint\u00e4 asiaa. 2. \u00c4l\u00e4 <span class=\"excerpt-dots\">&hellip;<\/span> <a class=\"more-link\" href=\"https:\/\/pelastus.net\/index.php\/10-kaskya\/\"><span class=\"more-msg\">Continue reading &rarr;<\/span><\/a><\/p>\n","protected":false},"author":1,"featured_media":0,"parent":0,"menu_order":0,"comment_status":"closed","ping_status":"closed","template":"","meta":{"footnotes":""},"class_list":["post-200","page","type-page","status-publish","hentry"],"_links":{"self":[{"href":"https:\/\/pelastus.net\/index.php\/wp-json\/wp\/v2\/pages\/200","targetHints":{"allow":["GET"]}}],"collection":[{"href":"https:\/\/pelastus.net\/index.php\/wp-json\/wp\/v2\/pages"}],"about":[{"href":"https:\/\/pelastus.net\/index.php\/wp-json\/wp\/v2\/types\/page"}],"author":[{"embeddable":true,"href":"https:\/\/pelastus.net\/index.php\/wp-json\/wp\/v2\/users\/1"}],"replies":[{"embeddable":true,"href":"https:\/\/pelastus.net\/index.php\/wp-json\/wp\/v2\/comments?post=200"}],"version-history":[{"count":10,"href":"https:\/\/pelastus.net\/index.php\/wp-json\/wp\/v2\/pages\/200\/revisions"}],"predecessor-version":[{"id":213,"href":"https:\/\/pelastus.net\/index.php\/wp-json\/wp\/v2\/pages\/200\/revisions\/213"}],"wp:attachment":[{"href":"https:\/\/pelastus.net\/index.php\/wp-json\/wp\/v2\/media?parent=200"}],"curies":[{"name":"wp","href":"https:\/\/api.w.org\/{rel}","templated":true}]}}